{"id":7076,"date":"2023-06-15T01:13:34","date_gmt":"2023-06-14T23:13:34","guid":{"rendered":"https:\/\/polarkon.net\/yasal-bildirim\/"},"modified":"2023-06-15T01:15:54","modified_gmt":"2023-06-14T23:15:54","slug":"legal-notice","status":"publish","type":"page","link":"https:\/\/polarkon.net\/en\/legal-notice\/","title":{"rendered":"Legal Notice"},"content":{"rendered":"\t\t<div data-elementor-type=\"wp-page\" data-elementor-id=\"7076\" class=\"elementor elementor-7076 elementor-7063\">\n\t\t\t\t\t\t<div class=\"elementor-inner\">\n\t\t\t\t<div class=\"elementor-section-wrap\">\n\t\t\t\t\t\t\t\t\t<section class=\"elementor-section elementor-top-section elementor-element elementor-element-0a1cc15 elementor-section-boxed elementor-section-height-default elementor-section-height-default\" data-id=\"0a1cc15\" data-element_type=\"section\" data-settings=\"{&quot;background_background&quot;:&quot;classic&quot;}\">\n\t\t\t\t\t\t<div class=\"elementor-container elementor-column-gap-default\">\n\t\t\t\t\t\t\t<div class=\"elementor-row\">\n\t\t\t\t\t<div class=\"elementor-column elementor-col-100 elementor-top-column elementor-element elementor-element-33f7712\" data-id=\"33f7712\" data-element_type=\"column\" data-settings=\"{&quot;background_background&quot;:&quot;classic&quot;}\">\n\t\t\t<div class=\"elementor-column-wrap elementor-element-populated\">\n\t\t\t\t\t\t\t<div class=\"elementor-widget-wrap\">\n\t\t\t\t\t\t<div class=\"elementor-element elementor-element-c21881f elementor-widget elementor-widget-heading\" data-id=\"c21881f\" data-element_type=\"widget\" data-widget_type=\"heading.default\">\n\t\t\t\t<div class=\"elementor-widget-container\">\n\t\t\t<style>\/*! elementor - v3.11.5 - 14-03-2023 *\/\n.elementor-heading-title{padding:0;margin:0;line-height:1}.elementor-widget-heading .elementor-heading-title[class*=elementor-size-]>a{color:inherit;font-size:inherit;line-height:inherit}.elementor-widget-heading .elementor-heading-title.elementor-size-small{font-size:15px}.elementor-widget-heading .elementor-heading-title.elementor-size-medium{font-size:19px}.elementor-widget-heading .elementor-heading-title.elementor-size-large{font-size:29px}.elementor-widget-heading .elementor-heading-title.elementor-size-xl{font-size:39px}.elementor-widget-heading .elementor-heading-title.elementor-size-xxl{font-size:59px}<\/style><h2 class=\"elementor-heading-title elementor-size-default\">Legal Notice<\/h2>\t\t<\/div>\n\t\t\t\t<\/div>\n\t\t\t\t<div class=\"elementor-element elementor-element-f6de100 elementor-widget elementor-widget-text-editor\" data-id=\"f6de100\" data-element_type=\"widget\" data-widget_type=\"text-editor.default\">\n\t\t\t\t<div class=\"elementor-widget-container\">\n\t\t\t<style>\/*! elementor - v3.11.5 - 14-03-2023 *\/\n.elementor-widget-text-editor.elementor-drop-cap-view-stacked .elementor-drop-cap{background-color:#818a91;color:#fff}.elementor-widget-text-editor.elementor-drop-cap-view-framed .elementor-drop-cap{color:#818a91;border:3px solid;background-color:transparent}.elementor-widget-text-editor:not(.elementor-drop-cap-view-default) .elementor-drop-cap{margin-top:8px}.elementor-widget-text-editor:not(.elementor-drop-cap-view-default) .elementor-drop-cap-letter{width:1em;height:1em}.elementor-widget-text-editor .elementor-drop-cap{float:left;text-align:center;line-height:1;font-size:50px}.elementor-widget-text-editor .elementor-drop-cap-letter{display:inline-block}<\/style>\t\t\t\t\t<div class=\"elementor-text-editor elementor-clearfix\">\n\t\t\t\t<p class=\"p1\"><span style=\"letter-spacing: 0px;\">Updated on May 24th, 2023<\/span><\/p><p class=\"p5\">POLARKON A\u015e hereby grants you access to https:\/\/polarkon.net\/ (\u201cthe Website\u201d) and invites you to purchase the services offered here.<\/p><p class=\"p5\">Definitions and key terms<\/p><p class=\"p5\">To help explain things as clearly as possible in this Legal Notice, every time any of these terms are referenced, are strictly defined as:<\/p><ul class=\"ul1\"><li class=\"li5\">Cookie:\u00a0small amount of data generated by a website and saved by your web browser. It is used to identify your browser, provide analytics, remember information about you such as your language preference or login information.<\/li><li class=\"li5\">Company: when this policy mentions \u201cCompany,\u201d \u201cwe,\u201d \u201cus,\u201d or \u201cour,\u201d it refers to POLARKON A\u015e, COOKIE POLICY Updated at May 24th, 2023 Definitions and key terms To help explain things as clearly as possible in this Cookie Policy, every time any of these terms are referenced, are strictly defined as: \u2022 Cookie: small amount of data generated by a that is responsible for your information under this Legal Notice.<\/li><li class=\"li5\">Service: refers to the service provided by POLARKON A\u015e as described in the relative terms (if available) and on this platform.<\/li><li class=\"li5\">Website: POLARKON A\u015e\u2019s site, which can be accessed via this URL: https:\/\/polarkon.net\/<\/li><li class=\"li5\">You: a person or entity that is registered with POLARKON A\u015e to use the Services.<\/li><\/ul><p class=\"p5\">Limited Liability<\/p><p class=\"p5\">POLARKON A\u015e endeavors to update and\/or supplement the content of the website on a regular basis. Despite our care and attention, content may be incomplete and\/or incorrect.<\/p><p class=\"p5\">The materials offered on the website are offered without any form of guarantee or claim to their correctness. These materials can be changed at any time without prior notice from POLARKON A\u015e.<\/p><p class=\"p5\">Particularly, all prices on the website are stated subject to typing and programming errors. No liability is assumed for the implications of such errors. No agreement is concluded on the basis of such errors.<\/p><p class=\"p5\">POLARKON A\u015e shall not bear any liability for hyperlinks to websites or services of third parties included on the website. From our website, you can visit other websites by following hyperlinks to such external sites. While we strive to provide only quality links to useful and ethical websites, we have no control over the content and nature of these sites. These links to other websites do not imply a recommendation for all the content found on these sites. Site owners and content may change without notice and may occur before we have the opportunity to remove a link which may have gone \u2018bad\u2019.<\/p><p class=\"p5\">Please be also aware that when you leave our website, other sites may have different privacy policies and terms which are beyond our control. Please be sure to check the Privacy Policies of these sites as well as their &#8220;Terms of Service&#8221; before engaging in any business or uploading any information.<\/p><p class=\"p5\">Links to Other Websites Legal Notice<\/p><p class=\"p5\">This Legal Notice applies only to the Services. The Services may contain links to other websites not operated or controlled by POLARKON A\u015e. We are not responsible for the content, accuracy or opinions expressed in such websites, and such websites are not investigated, monitored or checked for accuracy or completeness by us. Please remember that when you use a link to go from the Services to another website, our Privacy Policy is no longer in effect. Your browsing and interaction on any other website, including those that have a link on our platform, is subject to that website\u2019s own rules and policies. Such third parties may use their own cookies or other methods to collect information about you. If You click on a third-party link, You will be directed to that third party&#8217;s site. We strongly advise You to review the Privacy Policy and Terms of every site You visit.<\/p><p class=\"p5\">We have no control over and assume no responsibility for the content, privacy policies or practices of any third-party sites or services.<\/p><p class=\"p5\">Errors and Omissions Legal Notice<\/p><p class=\"p5\">POLARKON A\u015e is not responsible for any content, code or any other imprecision.<\/p><p class=\"p5\">POLARKON A\u015e does not provide warranties or guarantees.<\/p><p class=\"p5\">In no event shall POLARKON A\u015e be liable for any special, direct, indirect, consequential, or incidental damages or any damages whatsoever, whether in an action of contract, negligence or other tort, arising out of or in connection with the use of the Service or the contents of the Service. POLARKON A\u015e reserves the right to make additions, deletions, or modifications to the contents on the Service at any time without prior notice.<\/p><p class=\"p5\">General Legal Notice<\/p><p class=\"p5\">The POLARKON A\u015e Service and its contents are provided &#8220;as is&#8221; and &#8220;as available&#8221; without any warranty or representations of any kind, whether express or implied. POLARKON A\u015e is a distributor and not a publisher of the content supplied by third parties; as such, POLARKON A\u015e exercises no editorial control over such content and makes no warranty or representation as to the accuracy, reliability or currency of any information, content, service or merchandise provided through or accessible via the POLARKON A\u015e Service. Without limiting the foregoing, POLARKON A\u015e specifically disclaims all warranties and representations in any content transmitted on or in connection with the POLARKON A\u015e Service or on sites that may appear as links on the POLARKON A\u015e Service, or in the products provided as a part of, or otherwise in connection with, the POLARKON A\u015e Service, including without limitation any warranties of merchantability, fitness for a particular purpose or non-infringement of third-party rights. No oral advice or written information given by POLARKON A\u015e or any of its affiliates, employees, officers, directors, agents, or the like will create a warranty. Price and availability information is subject to change without notice. Without limiting the foregoing, POLARKON A\u015e does not warrant that the POLARKON A\u015e Service will be uninterrupted, uncorrupted, timely, or error-free.<\/p><p class=\"p5\">Copyright Legal Notice<\/p><p class=\"p5\">All intellectual property rights concerning these materials are vested in POLARKON A\u015e. Copying, distribution and any other use of these materials is not permitted without the written permission of POLARKON A\u015e, except and only to the extent otherwise provided in regulations of mandatory law (such as the right to quote), unless otherwise stated for certain materials.<\/p><p class=\"p6\">Affiliate Links Disclosure<\/p><p class=\"p5\">POLARKON A\u015e has affiliate links and in this section of the Legal Notice we will address how we use those affiliate links from other websites\/companies and products. These \u201caffiliate links\u201d are specific URLs that contain the\u00a0affiliate&#8217;s\u00a0ID or username.<\/p><p class=\"p5\">In compliance with the FTC guidelines, please assume the following about links and posts on this site:<\/p><ul class=\"ul1\"><li class=\"li5\">Any\/all of the links on POLARKON A\u015e are affiliate links of which we receive a small commission from sales of certain items, but the price is the same for you. As POLARKON A\u015e has grown, so have costs associated with running and maintaining it, and affiliate links are a way we help offset these costs.<\/li><li class=\"li5\">If we post an affiliate link to a product, it is something that we personally use, support and would recommend without an affiliate link.<\/li><li class=\"li5\">Unless otherwise noted, all reviews are of items we have purchased, and we are not paid or compensated in any way.<\/li><\/ul><p class=\"p5\">Educational Disclosure<\/p><p class=\"p5\">Any Information provided by POLARKON A\u015e is for educational purposes only and is not to be interpreted as a recommendation for a specific treatment plan, product, or course of action. POLARKON A\u015e is a distributor and not a publisher of the content supplied by third parties; as such, POLARKON A\u015e exercises no editorial control over such content and makes no warranty or representation as to the accuracy, reliability or currency of any information or educational content provided through or accessible via POLARKON A\u015e. Without limiting the foregoing, POLARKON A\u015e specifically disclaims all warranties and representations in any content transmitted on or in connection with POLARKON A\u015e or on sites that may appear as links on POLARKON A\u015e, or in the products provided as a part of, or otherwise in connection with, the POLARKON A\u015e. No oral advice or written information given by POLARKON A\u015e or any of its affiliates, employees, officers, directors, agents, or the like will create a warranty.<\/p><p class=\"p5\">Your Consent<\/p><p class=\"p5\">We&#8217;ve updated our\u00a0Legal Notice\u00a0to provide you with complete transparency into what is being set when you visit our site and how it&#8217;s being used. By using our website, registering an account, or making a purchase, you hereby consent to our Legal Notice and agree to its terms.<\/p><p class=\"p5\">Changes To Our Legal Notice<\/p><p class=\"p5\">Should we update, amend or make any changes to this document so that they accurately reflect our Service and policies. Unless otherwise required by law, those changes will be prominently posted here. Then, if you continue to use the Service, you will be bound by the updated Legal Notice. If you do not want to agree to this or any updated Legal Notice, you can delete your account.<\/p><p class=\"p5\">Contact Us<\/p><p class=\"p5\">Don&#8217;t hesitate to contact us if you have any questions regarding this Legal Notice.<\/p><ul class=\"ul1\"><li class=\"li5\">Via Email: info@polarkon.com.tr<\/li><li class=\"li5\">Via Phone Number: +903124964810<\/li><li class=\"li5\">Via this Link: https:\/\/polarkon.net\/<\/li><li class=\"li5\">Via this Address: Birlik Mah. 490. Sok. No:3\/1 06610 \u00c7ankaya\/Ankara T\u00dcRK\u0130YE<\/li><\/ul>\t\t\t\t\t<\/div>\n\t\t\t\t\t\t<\/div>\n\t\t\t\t<\/div>\n\t\t\t\t\t\t<\/div>\n\t\t\t\t\t<\/div>\n\t\t<\/div>\n\t\t\t\t\t\t\t\t<\/div>\n\t\t\t\t\t<\/div>\n\t\t<\/section>\n\t\t\t\t\t\t\t\t\t<\/div>\n\t\t\t<\/div>\n\t\t\t\t\t<\/div>\n\t\t","protected":false},"excerpt":{"rendered":"<p>Updated on May 24th, 2023 POLARKON A\u015e hereby grants you access to https:\/\/polarkon.net\/ (\u201cthe Website\u201d) and invites you to purchase the services offered here. Definitions and key terms To help explain things as clearly as possible in this Legal Notice, every time any of these terms are referenced, are strictly defined as: Cookie:\u00a0small amount of<\/p>\n","protected":false},"author":9,"featured_media":0,"parent":0,"menu_order":0,"comment_status":"closed","ping_status":"closed","template":"elementor_header_footer","meta":[],"_links":{"self":[{"href":"https:\/\/polarkon.net\/en\/wp-json\/wp\/v2\/pages\/7076"}],"collection":[{"href":"https:\/\/polarkon.net\/en\/wp-json\/wp\/v2\/pages"}],"about":[{"href":"https:\/\/polarkon.net\/en\/wp-json\/wp\/v2\/types\/page"}],"author":[{"embeddable":true,"href":"https:\/\/polarkon.net\/en\/wp-json\/wp\/v2\/users\/9"}],"replies":[{"embeddable":true,"href":"https:\/\/polarkon.net\/en\/wp-json\/wp\/v2\/comments?post=7076"}],"version-history":[{"count":0,"href":"https:\/\/polarkon.net\/en\/wp-json\/wp\/v2\/pages\/7076\/revisions"}],"wp:attachment":[{"href":"https:\/\/polarkon.net\/en\/wp-json\/wp\/v2\/media?parent=7076"}],"curies":[{"name":"wp","href":"https:\/\/api.w.org\/{rel}","templated":true}]}}